




{"id":7798,"date":"2025-01-23T13:43:54","date_gmt":"2025-01-23T10:43:54","guid":{"rendered":"https:\/\/lamp83.com.tr\/yesil-gezegen-politikasi\/"},"modified":"2025-03-28T15:20:12","modified_gmt":"2025-03-28T12:20:12","slug":"green-planet-policy","status":"publish","type":"page","link":"https:\/\/lamp83.com.tr\/en\/green-planet-policy\/","title":{"rendered":"Green Planet Policy"},"content":{"rendered":"<p><img loading=\"lazy\" decoding=\"async\" class=\"size-full wp-image-3618 alignright\" src=\"https:\/\/lamp83.com.tr\/wp-content\/uploads\/2025\/01\/yesil-gezegen-politikasi-1-p3vw4tqrxf9h0ni4k2i9hireau0ittas58cw5qwxkw.png\" alt=\"\" width=\"461\" height=\"400\" srcset=\"https:\/\/lamp83.com.tr\/wp-content\/uploads\/2025\/01\/yesil-gezegen-politikasi-1-p3vw4tqrxf9h0ni4k2i9hireau0ittas58cw5qwxkw.png 461w, https:\/\/lamp83.com.tr\/wp-content\/uploads\/2025\/01\/yesil-gezegen-politikasi-1-p3vw4tqrxf9h0ni4k2i9hireau0ittas58cw5qwxkw-300x260.png 300w\" sizes=\"auto, (max-width: 461px) 100vw, 461px\" \/>Canl\u0131lara ya\u015fam alan\u0131 olan ve ya\u015fam imkan\u0131 sa\u011flayan gezegenimizin sundu\u011fu kaynaklar b\u00fct\u00fcn\u00fcn\u00fcn etkin, verimli ve e\u015fit \u015fekilde kullan\u0131lmas\u0131n\u0131n b\u00fct\u00fcn canl\u0131lar\u0131n do\u011fal ya\u015famsal haklar\u0131 oldu\u011funu kabul eden ancak bu haklar\u0131n kullan\u0131lmas\u0131n\u0131n herhangi bir \u015fekilde gelecek canl\u0131 nesillerine daha temiz ve ya\u015fanabilir bir gezegen b\u0131rakma sorumluluk ve y\u00fck\u00fcml\u00fcl\u00fc\u011f\u00fcm\u00fcz\u00fcn \u00f6n\u00fcnde yer almamas\u0131 kural\u0131n\u0131 kurum politikas\u0131 olarak benimsemi\u015f, kabul etmi\u015ftir.<\/p>\n<p>Gezegenimize ve gelecek canl\u0131 nesillere kar\u015f\u0131 olmas\u0131 gereken sayg\u0131 ve sorumluluklar\u0131m\u0131z d\u00fc\u015f\u00fcn\u00fclerek belirlenen LAMP 83 \u201c <strong>Ye\u015fil Gezegen<\/strong> \u201c politikas\u0131:<\/p>\n<ul>\n<li>Ulusal ya da uluslararas\u0131 akreditasyona sahip bir kurum taraf\u0131ndan ge\u00e7erli k\u0131l\u0131nm\u0131\u015f bir sertifikasyon ile \u201c<strong>gezegenimizi koruma ve kollama<\/strong>\u201d sistemimizin (ISO 14001) akredite, geli\u015fir, denetlenir ve \u015feffaf olmas\u0131n\u0131n sa\u011flanmas\u0131,<\/li>\n<li>Enerji t\u00fcketen \u00fcr\u00fcnler \u00fcreten bir kurum olarak; enerji, enerji kaynaklar\u0131 ve hammaddeyi verimli kullanan, \u00fcretti\u011fi \u00fcr\u00fcnlerde enerji verimlili\u011fi ilkesiyle \u00fcr\u00fcn ve sistemlerini tasarlayan, hedef m\u00fc\u015fterilerinin de t\u00fcketimlerinde bu olguyu g\u00f6zetmelerini sa\u011flayacak \u015fekilde LAMP 83\u2019e d\u00fc\u015fen e\u011fitim ve bilgilendirme ama asl\u0131nda \u201c<strong>ayd\u0131nlatma\/ayd\u0131nlanma<\/strong>\u201d i\u015flevini g\u00f6ren,<\/li>\n<li>Faaliyetlerinden kaynaklanan t\u00fcm at\u0131klar\u0131n\u0131 s\u0131n\u0131fland\u0131ran, kanun ve y\u00f6netmeliklerde tarif edilen ve\/veya edilmese dahi olmas\u0131 gerekti\u011fi gibi \u015feffaf ve denetlenebilir s\u00fcre\u00e7 ve uygun \u015fekillerde bertaraf eden ve belgeleyebilen,<\/li>\n<li>Kalite seviyeleri ve rekabet ko\u015fullar\u0131n\u0131n uygun olmas\u0131 kayd\u0131 ile LAMP 83 ile i\u015f yapacak i\u015f ortaklar\u0131n\u0131 \u00e7evreye duyarl\u0131 kurumlardan se\u00e7en ve\/veya \u00f6nceli\u011fi bu kurumlara veren,<\/li>\n<\/ul>\n<p>LAMP 83 ilan olunan ye\u015fil gezegen politikas\u0131 uyar\u0131nca; 01.11.2004 tarihinden beri, uluslararas\u0131 akredite NQA Kurulu\u015fundan onaylanan, LAMP 83 ye\u015fil gezegen politikas\u0131 sistemini akredite eden ISO 14001 belgesine sahiptir.<\/p>\n","protected":false},"excerpt":{"rendered":"<p>Canl\u0131lara ya\u015fam alan\u0131 olan ve ya\u015fam imkan\u0131 sa\u011flayan gezegenimizin sundu\u011fu kaynaklar b\u00fct\u00fcn\u00fcn\u00fcn etkin, verimli ve&#8230;<\/p>\n","protected":false},"author":1,"featured_media":0,"parent":0,"menu_order":0,"comment_status":"closed","ping_status":"closed","template":"","meta":{"_acf_changed":false,"inline_featured_image":false,"footnotes":""},"class_list":["post-7798","page","type-page","status-publish","hentry"],"acf":[],"_links":{"self":[{"href":"https:\/\/lamp83.com.tr\/en\/wp-json\/wp\/v2\/pages\/7798","targetHints":{"allow":["GET"]}}],"collection":[{"href":"https:\/\/lamp83.com.tr\/en\/wp-json\/wp\/v2\/pages"}],"about":[{"href":"https:\/\/lamp83.com.tr\/en\/wp-json\/wp\/v2\/types\/page"}],"author":[{"embeddable":true,"href":"https:\/\/lamp83.com.tr\/en\/wp-json\/wp\/v2\/users\/1"}],"replies":[{"embeddable":true,"href":"https:\/\/lamp83.com.tr\/en\/wp-json\/wp\/v2\/comments?post=7798"}],"version-history":[{"count":4,"href":"https:\/\/lamp83.com.tr\/en\/wp-json\/wp\/v2\/pages\/7798\/revisions"}],"predecessor-version":[{"id":7802,"href":"https:\/\/lamp83.com.tr\/en\/wp-json\/wp\/v2\/pages\/7798\/revisions\/7802"}],"wp:attachment":[{"href":"https:\/\/lamp83.com.tr\/en\/wp-json\/wp\/v2\/media?parent=7798"}],"curies":[{"name":"wp","href":"https:\/\/api.w.org\/{rel}","templated":true}]}}